{"id":14371,"date":"2026-05-05T13:22:39","date_gmt":"2026-05-05T11:22:39","guid":{"rendered":"https:\/\/www.bafid.fau.de\/?page_id=14371"},"modified":"2026-05-05T13:24:35","modified_gmt":"2026-05-05T11:24:35","slug":"medienschau","status":"publish","type":"page","link":"https:\/\/www.bafid.fau.de\/en\/zentrum\/medienschau\/","title":{"rendered":"Media Round-up"},"content":{"rendered":"\n<p>Whether in news agencies, specialist publications, on online platforms, on the radio or in daily newspapers \u2013 there have been, and continue to be, reports not only on the content of our work, but also on our centre:<\/p>\n\n\n\n<p><strong>16. May 2023:<\/strong> <a href=\"https:\/\/www.bafid.fau.de\/files\/2023\/05\/kurz_berichtet.pdf\">\u201eWas sagt die Religion zum Luxus?\u201c<\/a> <em>N\u00fcrnberger Nachrichten<\/em>, S. 8.<\/p>\n\n\n\n<p><strong>11. April 2023:<\/strong> Merkel, Christina, <a href=\"https:\/\/www.evangelisch.de\/inhalte\/201286\/19-05-2022\/christentum-traegt-mitschuld-klimakrise\">\u201e<\/a><a href=\"https:\/\/www.bafid.fau.de\/files\/2023\/04\/Zwischen_den_Religionen.pdf\">Zwischen den Religionen.\u201c<\/a> <em>N\u00fcrnberger Nachrichten<\/em>, S. 6<\/p>\n\n\n\n<p><b><span lang=\"EN-US\"><strong>18. July 2022:<\/strong><\/span><\/b><span lang=\"EN-US\">\u00a0H\u00f6wer, Maria Elisabeth, <a href=\"https:\/\/www.bafid.fau.de\/files\/2022\/08\/Cibedo-2_22.pdf\">The Concept of Protology\/Cosmology and the Concept of Eschatology in Judaism, Christianity and Islam<\/a>, CIBEDO-Beitr\u00e4ge 2\/2022<\/span><\/p>\n\n\n\n<ul class=\"wp-block-list\">\n<li>CIBEDO-Beitr\u00e4ge zum <a href=\"https:\/\/www.bafid.fau.de\/files\/2022\/08\/CIBEDO-Beitraege-2_22.pdf\">Download<\/a><\/li>\n<\/ul>\n\n\n\n<p><strong>20. May 2022:<\/strong> Riese, Julia, <a href=\"https:\/\/www.evangelisch.de\/inhalte\/201286\/19-05-2022\/christentum-traegt-mitschuld-klimakrise\">\u201eSch\u00f6pfung interreligi\u00f6s betrachtet: Christentum tr\u00e4gt Mitschuld an Klimakrise.\u201c<\/a> <em>evangelisch.de<\/em><\/p>\n\n\n\n<p><strong>16. January 2022:<\/strong> Eggerz, Niels, <a href=\"https:\/\/kontrapunkte.hypotheses.org\/2903\">\u201eDas Neujahrsfest der B\u00e4ume und die Wiederherstellung des Alls.\u201c<\/a> <em>Kontrapunkte &#8211; global.solidarisch.transformativ<\/em>. Der Blog des Zentrum f\u00fcr Globale Fragen an der Hochschule f\u00fcr Philosophie M\u00fcnchen<\/p>\n\n\n\n<p><strong>16. October 2021:<\/strong> Riese, Julia, <a href=\"https:\/\/www.sonntagsblatt.de\/artikel\/bayern\/religionsunterricht-identitaet\">\u201eReligionsunterricht an Schulen &#8211; ,W\u00e4rmestrom\u00b4: Religionsunterricht soll Identit\u00e4tsfindung unterst\u00fctzen.\u201c<\/a> <em>Evangelischer Pressedienst, epd<\/em>, <em>Sonntagsblatt\u00a0<\/em><\/p>\n\n\n\n<p><strong>19. September 2021:<\/strong> &nbsp;Kattan, Assaad Elias, <a href=\"https:\/\/www.almodon.com\/culture\/2021\/9\/19\/%D9%85%D8%B1%D9%83%D8%B2-%D8%A7%D9%84%D8%A3%D8%A8%D8%AD%D8%A7%D8%AB-%D8%A7%D9%84%D8%A8%D8%A7%D9%81%D8%A7%D8%B1%D9%8A-%D8%A8%D8%A7%D8%AD%D8%AB%D8%A7-%D8%B9%D9%86-%D8%A7%D9%84%D8%AA%D8%B4%D8%A7%D8%A8%D9%87-%D9%88%D8%A7%D9%84%D8%A7%D8%AE%D8%AA%D9%84%D8%A7%D9%81-%D8%A8%D9%8A%D9%86-%D8%A7%D9%84%D8%A3%D8%AF%D9%8A%D8%A7%D9%86-%D8%A7%D9%84%D8%B3%D9%85%D8%A7%D9%88%D9%8A%D8%A9\">\u201eBayerisches Forschungszentrum: Ein anderer Zugang zum interreligi\u00f6sen Dialog.\u201c<\/a>&nbsp;<em>almodon.com<\/em><\/p>\n\n\n\n<p><strong>21. July 2021:<\/strong> <a href=\"https:\/\/www.youtube.com\/watch?v=y2C7dpK3TYU\">\u201eMit Religion Frieden stiften.\u201c<\/a> Prof. Dr. Georges Tamer zu Gast im FAU-Forschungstalk des FAU-Pr\u00e4sidenten Prof. Dr. Joachim Hornegger<\/p>\n\n\n\n<p><strong>23. April 2021:<\/strong> Braun, R\u00fcdiger, <a href=\"http:\/\/ezw.kjm6.de\/nlgen\/tmp\/1618985761.html\">\u201eDie Polyphonie des Dialogs \u2013 Die Erforschung interreligi\u00f6ser Diskurse an der Schnittstelle von Wissenschaft und Zivilgesellschaft.\u201c<\/a> <em>Evangelische Zentralstelle f\u00fcr Weltanschauungsfragen<\/em><\/p>\n\n\n\n<p><strong>17. April 2021:<\/strong> Kasperowitsch, Michael, \u201e<a href=\"https:\/\/www.bafid.fau.de\/files\/2021\/04\/forschungszentrum_gegen_hass_und_hetze.pdf\">Forschungszentrum gegen Hass und Hetze<\/a>.\u201c&nbsp;<em>N\u00fcrnberger Nachrichten\/N\u00fcrnberger Zeitung<\/em><\/p>\n\n\n\n<p><strong>16. April 2021:<\/strong> Hofmann, Julia und Jonas Miller, \u201eForschungszentrum f\u00fcr Interreligi\u00f6se Diskurse in Erlangen.&#8221; <em>br.de<\/em><\/p>\n\n\n\n<p><strong>16. April 2021:<\/strong> <a href=\"https:\/\/www.zeit.de\/news\/2021-04\/16\/forschungszentrum-fuer-interreligioese-diskurse-eroeffnet?utm_referrer=https%3A%2F%2Fwww.google.com\">\u201eForschungszentrum f\u00fcr Interreligi\u00f6se Diskurse er\u00f6ffnet.\u201c<\/a> <em>dpa\/lby, sueddeutsche.de, zeit.de, frankenpost.de, idowa.de, onetz.de, M\u00fcnchner Abendzeitung<\/em><\/p>\n\n\n\n<p><strong>16. April 2021: <\/strong>\u201e<a href=\"https:\/\/www.frankenfernsehen.tv\/mediathek\/video\/fau-eroeffnet-bayerisches-forschungszentrum-fuer-interreligioese-diskurse\/\">FAU er\u00f6ffnet Bayerisches Forschungszentrum f\u00fcr Interreligi\u00f6se Diskurse.&#8221;<\/a> <em>Franken Fernsehen<\/em><\/p>\n\n\n\n<p><strong>15. April 2021:<\/strong>&nbsp;Zur offiziellen Er\u00f6ffnung des Bayerischen Forschungszentrums f\u00fcr Interreligi\u00f6se Diskurse, Radio-Interview mit BaFID-Direktor Prof. Dr. Georges Tamer, <em>Bayern 2<\/em><\/p>\n\n\n\n<p><strong>15. April 2021:<\/strong> &nbsp;\u201eWegweiser f\u00fcr Verwirrte: J\u00fcdisch-muslimische Beziehungen in der Philosophiegeschichte.\u201c Folge 7 des Podcasts \u201eMekka und Jerusalem\u201c, unter anderem mit BaFID-Direktor Prof. Dr. Georges Tamer<\/p>\n\n\n\n<p><strong>7. April 2021:<\/strong> Olschewski, Jutta, <a href=\"https:\/\/www.evangelisch.de\/inhalte\/184691\/09-04-2021\/bayerisches-forschungszentrum-fuer-interreligioese-diskurse-eroeffnet\">\u201eGleichberechtigt andersgl\u00e4ubig &#8211; Das neue Bayerische Forschungszentrum f\u00fcr Interreligi\u00f6se Diskurse will zum gesellschaftlichen Zusammenhalt beitragen\u201c<\/a>, Hintergrund, <em>epd Bayern, evangelisch.de, sonntagsblatt.de, Donau-Kurier<\/em><\/p>\n\n\n\n<p><strong>17. February 2021:<\/strong> Schneider, Agnieszka, \u201eStationen &#8211; Religion &amp; Orientierung: Geiz und Gier\u201c.\u00a0Kurzfassung, BaFID-Direktor Prof. Dr. Georges Tamer \u00fcber das Geben in Judentum, Christentum und Islam, <em>BR Fernsehen<\/em><\/p>\n\n\n\n<p><b><strong><span lang=\"EN-US\">13. January 2021<\/span><\/strong><\/b><span lang=\"EN-US\"><strong>: <\/strong>Th\u00f6rner, Katja,\u00a0<\/span><a href=\"http:\/\/cibedo.de\/2021\/01\/13\/cibedo-beitraege-42020-2\/\" target=\"_blank\" rel=\"noopener noreferrer\"><span lang=\"EN-US\">The Concept of Death and the Concept of Life in Judaism, Christianity and Islam,<\/span><\/a><span lang=\"EN-US\">\u00a0CIBEDO-Beitr\u00e4ge 4\/2020 <\/span><\/p>\n\n\n\n<ul class=\"wp-block-list\">\n<li>CIBEDO-Beitr\u00e4ge zum <a href=\"https:\/\/www.bafid.fau.de\/files\/2021\/01\/cibedo_4_2020_thoerner_bericht_death-and-life-verschoben.pdf\">Download<\/a><\/li>\n<\/ul>\n\n\n\n<p><strong>16. December 2020:<\/strong> Zum Alleinstellungsmerkmal des Bayerischen Forschungszentrums f\u00fcr Interreligi\u00f6se Diskurse, Radio-Interview mit BaFID-Direktor Prof. Dr. Georges Tamer, <em>Bayern 2<\/em><\/p>\n\n\n\n<p><strong>15. December 2020:<\/strong> Merkel, Christina, \u201e<a href=\"https:\/\/www.bafid.fau.de\/files\/2020\/12\/erlanger_nachrichten_20201215_08_2.pdf\">Gemeinsam statt einsam<\/a>: Das neue Forschungszentrum f\u00fcr Interreligi\u00f6se Diskurse in Erlangen stellt sich vor\u201c, <em>N\u00fcrnberger Nachrichten\/N\u00fcrnberger Zeitung<\/em><\/p>\n\n\n\n<p><strong>8. October 2020<\/strong>: \u00a0Zur Er\u00f6ffnung des Bayerischen Forschungszentrums f\u00fcr Interreligi\u00f6se Diskurse, kna und CIBEDO<\/p>\n\n\n\n<p><strong>30. June 2020<\/strong>: Th\u00f6rner, Katja,\u00a0<a href=\"http:\/\/cibedo.de\/2020\/06\/30\/cibedo-beitraege-22020-im-druck\/\">The Concept of Good and the Concept of Evil in Judaism, Christianity and Islam,<\/a> CIBEDO-Beitr\u00e4ge 2\/2020<\/p>\n\n\n\n<ul class=\"wp-block-list\">\n<li>CIBEDO-Beitr\u00e4ge zum <a href=\"https:\/\/www.bafid.fau.de\/files\/2021\/03\/thoerner-bericht-2-20_cibedo-good-and-evil.pdf\">Download<\/a><\/li>\n<\/ul>\n\n\n\n<p><strong>9. October 2019<\/strong>: Th\u00f6rner, Katja,\u00a0<a href=\"http:\/\/cibedo.de\/cibedo-beitraege\/\">The Concept of Body and the Concept of Soul in Judaism, Christianity and Islam,<\/a>\u00a0CIBEDO-Beitr\u00e4ge 3\/2019<\/p>\n\n\n\n<ul class=\"wp-block-list\">\n<li>CIBEDO-Beitr\u00e4ge zum <a href=\"https:\/\/www.bafid.fau.de\/files\/2021\/03\/The-Concept-of-Body-and-the-Concept-of-Soul-CIBEDO-heft-03-19.pdf\">Download<\/a><\/li>\n<\/ul>\n\n\n\n<p><strong>24. July 2019<\/strong>: Th\u00f6rner, Katja, <a href=\"http:\/\/cibedo.de\/cibedo-beitraege\/\">The Concept of Person and the Concept of Sexuality in Judaism, Christianity and Islam<\/a>, CIBEDO-Beitr\u00e4ge 2\/2019<\/p>\n\n\n\n<ul class=\"wp-block-list\">\n<li>CIBEDO-Beitr\u00e4ge zum <a href=\"https:\/\/www.bafid.fau.de\/files\/2021\/03\/CIBEDO-Beitraege_2-2019_Thoerner_Bericht-KCID_S100-101.pdf\">Download<\/a><\/li>\n<\/ul>\n\n\n\n<p><strong>20. December 2018:<\/strong> <a title=\"A Moment in &quot;Time&quot;: an interreligious vision in Erlangen, Weltkirchenrat\" href=\"https:\/\/www.oikoumene.org\/en\/press-centre\/news\/a-moment-in-time-an-interreligious-vision-in-erlangen\" target=\"_blank\" rel=\"noopener noreferrer\">A Moment in \u201eTime\u201c: an interreligious vision in Erlangen,<\/a> Weltkirchenrat<\/p>\n\n\n\n<p><strong>12. December 2018:<\/strong> <a title=\"Mende, Claudia: Interreligi\u00f6ser Dialog. Von der Toleranz zur Akzeptanz, Qantara 12\/12\/2018\" href=\"https:\/\/de.qantara.de\/inhalt\/interreligi%C3%B6ser-dialog-von-der-toleranz-zur-akzeptanz\" target=\"_blank\" rel=\"noopener noreferrer\">Mende, Claudia: Interreligi\u00f6ser Dialog. Von der Toleranz zur Akzeptanz,<\/a> Qantara<\/p>\n\n\n\n<p><strong>9. October 2018:<\/strong>\u00a0<a href=\"http:\/\/cibedo.de\/2018\/10\/09\/cibedo-beitraege-32018\/\">Th\u00f6rner, Katja, The Concept of Scripture and the Concept of Doctrine in Judaism, Christianity and Islam<\/a>, CIBEDO-Beitr\u00e4ge 3\/2018<\/p>\n\n\n\n<ul class=\"wp-block-list\">\n<li>&nbsp;CIBEDO-Beitrag zum <a href=\"https:\/\/www.bafid.fau.de\/files\/2021\/03\/Thoerner_2018_Bericht-KCID.pdf\">Download<\/a><\/li>\n<\/ul>\n\n\n\n<p><strong>23. June 2018:<\/strong> Vorstellung von KCID bei den \u201eDialogperspektiven\u201c, Alte Synagoge Essen<\/p>\n\n\n\n<p><strong>29. June 2018: <\/strong><a title=\"Experten arbeiten an Buchreihe, Ingolstadt Reporter\" href=\"https:\/\/www.ingolstadt-reporter.de\/regionales\/eichstaett\/experten-arbeiten-an-buchreihe\" target=\"_blank\" rel=\"noopener noreferrer\">Experten arbeiten an Buchreihe<\/a>, <em>Ingolstadt Reporter<\/em><\/p>\n\n\n\n<p><strong>24. May 2016:<\/strong> \u201eAkzeptanz ist mehr als Toleranz\u201c, <em>Erlanger Nachrichten<\/em><\/p>\n\n\n\n<p><strong>17. May 2016:\u00a0<\/strong>Ober, Carla: <a href=\"https:\/\/www.bafid.fau.de\/files\/2021\/03\/Pressespiegel_Eugen-Biser-Stiftung.pdf\">Was ist ein \u201eMensch\u201c und was hat er mit Religion zu tun?<\/a>, <em>N\u00fcrnberger Nachrichten<\/em><\/p>\n\n\n\n\n","protected":false},"excerpt":{"rendered":"<p>Whether in news agencies, specialist publications, on online platforms, on the radio or in daily newspapers \u2013 there have been, and continue to be, reports not only on the content of our work, but also on our centre: 16. May 2023: \u201eWas sagt die Religion zum Luxus?\u201c N\u00fcrnberger Nachrichten, S. 8. 11. April 2023: Merkel, [&hellip;]<\/p>\n","protected":false},"author":5059,"featured_media":469,"parent":11164,"menu_order":80,"comment_status":"closed","ping_status":"closed","template":"","meta":{"_rrze_cache":"enabled","_rrze_multilang_single_locale":"en_GB","_rrze_multilang_single_source":"https:\/\/www.bafid.fau.de\/?page_id=156","footnotes":""},"page_category":[44],"page_tag":[],"class_list":["post-14371","page","type-page","status-publish","has-post-thumbnail","hentry","page_category-general","en-GB"],"_links":{"self":[{"href":"https:\/\/www.bafid.fau.de\/wp-json\/wp\/v2\/pages\/14371","targetHints":{"allow":["GET"]}}],"collection":[{"href":"https:\/\/www.bafid.fau.de\/wp-json\/wp\/v2\/pages"}],"about":[{"href":"https:\/\/www.bafid.fau.de\/wp-json\/wp\/v2\/types\/page"}],"author":[{"embeddable":true,"href":"https:\/\/www.bafid.fau.de\/wp-json\/wp\/v2\/users\/5059"}],"replies":[{"embeddable":true,"href":"https:\/\/www.bafid.fau.de\/wp-json\/wp\/v2\/comments?post=14371"}],"version-history":[{"count":2,"href":"https:\/\/www.bafid.fau.de\/wp-json\/wp\/v2\/pages\/14371\/revisions"}],"predecessor-version":[{"id":14374,"href":"https:\/\/www.bafid.fau.de\/wp-json\/wp\/v2\/pages\/14371\/revisions\/14374"}],"up":[{"embeddable":true,"href":"https:\/\/www.bafid.fau.de\/wp-json\/wp\/v2\/pages\/11164"}],"wp:featuredmedia":[{"embeddable":true,"href":"https:\/\/www.bafid.fau.de\/wp-json\/wp\/v2\/media\/469"}],"wp:attachment":[{"href":"https:\/\/www.bafid.fau.de\/wp-json\/wp\/v2\/media?parent=14371"}],"wp:term":[{"taxonomy":"page_category","embeddable":true,"href":"https:\/\/www.bafid.fau.de\/wp-json\/wp\/v2\/page_category?post=14371"},{"taxonomy":"page_tag","embeddable":true,"href":"https:\/\/www.bafid.fau.de\/wp-json\/wp\/v2\/page_tag?post=14371"}],"curies":[{"name":"wp","href":"https:\/\/api.w.org\/{rel}","templated":true}]}}