{"id":11997,"date":"2026-02-03T12:01:18","date_gmt":"2026-02-03T11:01:18","guid":{"rendered":"https:\/\/www.bafid.fau.de\/?page_id=11997"},"modified":"2026-05-04T12:15:05","modified_gmt":"2026-05-04T10:15:05","slug":"gespraechskreise-eig","status":"publish","type":"page","link":"https:\/\/www.bafid.fau.de\/en\/wissenstransfer\/bildungsarbeit\/gespraechskreise-eig\/","title":{"rendered":"EIG talk series"},"content":{"rendered":"\n<p>Panel discussions such as the &#8220;Erlanger Interreligi\u00f6sen Gespr\u00e4che&#8221; (EIG) offer an opportunity to address the differences and similarities between the three monotheistic religions. The series is a cooperation project between BaFID and the City Library of Erlangen. The series continues with events in cooperation with the BIBELMUSEUM Bayern. <\/p>\n\n\n\n<p>The <a href=\"https:\/\/www.orientalistik.phil.fau.de\/files\/2020\/01\/KCID_Good-u-Evil_Podium_Plakat.pdf\">series of events<\/a> started with a <a href=\"https:\/\/www.youtube.com\/watch?v=qQ0HRcg_H8Y&amp;feature=youtu.be\">panel discussion<\/a> on &#8220;Good and Evil in Religion and Philosophy&#8221;. Additional topics were: <\/p>\n\n\n\n<ul class=\"wp-block-list\">\n<li><a href=\"https:\/\/www.youtube.com\/watch?v=KvEHZQyjLH8&amp;t=6s\">\u201eSexualit\u00e4t, Tabuisierung und Pers\u00f6nlichkeitsentwicklung aus interreligi\u00f6ser Perspektive\u201c<\/a><\/li>\n\n\n\n<li><a href=\"https:\/\/www.youtube.com\/watch?v=O2KqeLAulxs&amp;t=5639s\">\u201eInspiririert, diktiert, kanonisiert \u2013 Wie wird ein Text zur Heiligen Schrift?\u201c<\/a><\/li>\n\n\n\n<li><a href=\"https:\/\/youtu.be\/QrR9aKK7mYA\">\u201c<span class=\"s3\">LearningIN Religion? Perspektiven der Weitergabe des Glaubens in\u00a0Judentum, Christentum und Islam\u201c<\/span><\/a>\u00a0(<a href=\"https:\/\/www.bafid.fau.de\/files\/2021\/07\/eig_langenhorst_rochdi_djanatliev_13-10-2021.pdf\">Programme)<\/a><\/li>\n<\/ul>\n\n\n\n<figure class=\"wp-block-image size-full has-overlay is-style-large\"><div class=\"image-wrapper\"><img loading=\"lazy\" decoding=\"async\" src=\"https:\/\/www.bafid.fau.de\/files\/2026\/05\/Designer3-1.jpg\" alt=\"Prof. Kuschel giving his lecture on the Quran\" class=\"wp-image-14181\" srcset=\"https:\/\/www.bafid.fau.de\/files\/2026\/05\/Designer3-1.jpg 1008w, https:\/\/www.bafid.fau.de\/files\/2026\/05\/Designer3-1-300x188.jpg 300w, https:\/\/www.bafid.fau.de\/files\/2026\/05\/Designer3-1-768x482.jpg 768w, https:\/\/www.bafid.fau.de\/files\/2026\/05\/Designer3-1-60x38.jpg 60w\" \/><button class=\"image-fullscreen-btn\" onclick=\"openImageFullscreen('https:\/\/www.bafid.fau.de\/files\/2026\/05\/Designer3-1.jpg')\">\u26f6<\/button><\/div><figcaption class=\"wp-element-caption\">Prof. Dr. Dr. h.c. Karl-Josef Kuschel (T\u00fcbingen) spoke to an audience of 80 people as part of the \u201cErlangen Interfaith Dialogues\u201d on the topic: \u201cThe Qur\u2019an: A Christian\u2019s experiences with a challenging book\u201d. Photo: Kirsten Waltert<\/figcaption><\/figure>\n\n\n\n\n\n\n\n<p>Following a break due to the coronavirus pandemic, the EIG lecture series resumed on 17 February 2021. The topic was: &#8220;The Qur\u2019an: A Christian\u2019s experiences with a challenging book.&#8221; The speaker: <a href=\"https:\/\/uni-tuebingen.de\/fakultaeten\/katholisch-theologische-fakultaet\/lehrstuehle\/institut-fuer-oekumenische-und-interreligioese-forschung\/institut\/emeriti\/prof-dr-dr-hc-karl-josef-kuschel\/\">Prof. Dr. Dr. h.c. Karl-Josef Kuschel<\/a> (T\u00fcbingen). As part of the lecture series \u201cBavarian Interreligious College\u201d in the summer semester of 2021, the \u201cErlangen Interreligious Discussions\u201d on the foundations of interreligious discourse took place (livestream).<\/p>\n\n\n\n<p>&nbsp;<\/p>\n\n\n\n<figure class=\"wp-block-image size-large is-style-large has-overlay\"><div class=\"image-wrapper\"><img loading=\"lazy\" decoding=\"async\" src=\"https:\/\/www.bafid.fau.de\/files\/2026\/05\/0c5e3b85-ad21-4c2c-86fd-069dd25ed5b9-1024x602.jpeg\" alt=\"Third edition of \u2018Erlangen Interfaith Dialogues\u2019\" class=\"wp-image-14186\" srcset=\"https:\/\/www.bafid.fau.de\/files\/2026\/05\/0c5e3b85-ad21-4c2c-86fd-069dd25ed5b9-1024x602.jpeg 1024w, https:\/\/www.bafid.fau.de\/files\/2026\/05\/0c5e3b85-ad21-4c2c-86fd-069dd25ed5b9-300x176.jpeg 300w, https:\/\/www.bafid.fau.de\/files\/2026\/05\/0c5e3b85-ad21-4c2c-86fd-069dd25ed5b9-768x451.jpeg 768w, https:\/\/www.bafid.fau.de\/files\/2026\/05\/0c5e3b85-ad21-4c2c-86fd-069dd25ed5b9-1536x902.jpeg 1536w, https:\/\/www.bafid.fau.de\/files\/2026\/05\/0c5e3b85-ad21-4c2c-86fd-069dd25ed5b9-60x35.jpeg 60w, https:\/\/www.bafid.fau.de\/files\/2026\/05\/0c5e3b85-ad21-4c2c-86fd-069dd25ed5b9.jpeg 2000w\" \/><button class=\"image-fullscreen-btn\" onclick=\"openImageFullscreen('https:\/\/www.bafid.fau.de\/files\/2026\/05\/0c5e3b85-ad21-4c2c-86fd-069dd25ed5b9.jpeg')\">\u26f6<\/button><\/div><figcaption class=\"wp-element-caption\">The third edition of the \u201cErlangen Interfaith Dialogues\u201d (EIG for short), organised in cooperation with Erlangen City Library, focused on the foundations of interfaith discourse. The panellists were (from left): BaFID Director Prof. Dr Georges Tamer, Prof. Dr Tarek Badawia (FAU), moderator PD Dr Christian Lange (BaFID), Dr Niels Eggerz (BaFID), Prof. Dr Manfred Pirner (FAU) and Dr Adrian La Salvia (Head of Erlangen City Library). Photo: Kirsten Waltert<\/figcaption><\/figure>\n\n\n\n<p>&nbsp;<\/p>\n\n\n\n\n","protected":false},"excerpt":{"rendered":"<p>Panel discussions such as the &#8220;Erlanger Interreligi\u00f6sen Gespr\u00e4che&#8221; (EIG) offer an opportunity to address the differences and similarities between the three monotheistic religions. The series is a cooperation project between BaFID and the City Library of Erlangen. The series continues with events in cooperation with the BIBELMUSEUM Bayern. The series of events started with a [&hellip;]<\/p>\n","protected":false},"author":5059,"featured_media":330,"parent":11994,"menu_order":6,"comment_status":"closed","ping_status":"closed","template":"","meta":{"_rrze_cache":"enabled","_rrze_multilang_single_locale":"en_GB","_rrze_multilang_single_source":"https:\/\/www.bafid.fau.de\/?page_id=108","footnotes":""},"page_category":[44],"page_tag":[],"class_list":["post-11997","page","type-page","status-publish","has-post-thumbnail","hentry","page_category-general","en-GB"],"_links":{"self":[{"href":"https:\/\/www.bafid.fau.de\/wp-json\/wp\/v2\/pages\/11997","targetHints":{"allow":["GET"]}}],"collection":[{"href":"https:\/\/www.bafid.fau.de\/wp-json\/wp\/v2\/pages"}],"about":[{"href":"https:\/\/www.bafid.fau.de\/wp-json\/wp\/v2\/types\/page"}],"author":[{"embeddable":true,"href":"https:\/\/www.bafid.fau.de\/wp-json\/wp\/v2\/users\/5059"}],"replies":[{"embeddable":true,"href":"https:\/\/www.bafid.fau.de\/wp-json\/wp\/v2\/comments?post=11997"}],"version-history":[{"count":6,"href":"https:\/\/www.bafid.fau.de\/wp-json\/wp\/v2\/pages\/11997\/revisions"}],"predecessor-version":[{"id":14190,"href":"https:\/\/www.bafid.fau.de\/wp-json\/wp\/v2\/pages\/11997\/revisions\/14190"}],"up":[{"embeddable":true,"href":"https:\/\/www.bafid.fau.de\/wp-json\/wp\/v2\/pages\/11994"}],"wp:featuredmedia":[{"embeddable":true,"href":"https:\/\/www.bafid.fau.de\/wp-json\/wp\/v2\/media\/330"}],"wp:attachment":[{"href":"https:\/\/www.bafid.fau.de\/wp-json\/wp\/v2\/media?parent=11997"}],"wp:term":[{"taxonomy":"page_category","embeddable":true,"href":"https:\/\/www.bafid.fau.de\/wp-json\/wp\/v2\/page_category?post=11997"},{"taxonomy":"page_tag","embeddable":true,"href":"https:\/\/www.bafid.fau.de\/wp-json\/wp\/v2\/page_tag?post=11997"}],"curies":[{"name":"wp","href":"https:\/\/api.w.org\/{rel}","templated":true}]}}