{"id":11841,"date":"2026-01-29T19:04:06","date_gmt":"2026-01-29T18:04:06","guid":{"rendered":"https:\/\/www.bafid.fau.de\/?page_id=11841"},"modified":"2026-04-30T16:08:50","modified_gmt":"2026-04-30T14:08:50","slug":"zeitschrift","status":"publish","type":"page","link":"https:\/\/www.bafid.fau.de\/en\/forschung\/ringvorlesung-bik\/zeitschrift\/","title":{"rendered":"Journal"},"content":{"rendered":"\n<p>With a newly founded journal, BaFID has its medium for current contributions to research into interreligious discourses. The interdisciplinary magazine \u201cErlanger Jahrbuch f\u00fcr Interreligious Discourses\u201d is initially published once a year by Ergon Verlag in printed and digital versions. The quality of the contributions is ensured through a peer review process (double-blind). The yearbook is aimed primarily at readers from German-speaking countries. In addition to scientific articles, literature reports, reviews, conference reports, and the presentation of current research projects (dissertations, habilitation,s and similar) are planned.<\/p>\n\n\n\n<p>Volume 1 deals with methods of presenting and analyzing interreligious discourses. It was published online and in print in November 2021. Volume 2, entitled \u201cInterreligious Discourses: Perspectives and Topics\u201d, was published in autumn 2022. \u00a0The responsible editor is Prof. Dr. George Tamer. The third volume with the title \u201cImaginations of Paradise Discursively Viewed\u201d has now been published. Doru Constantin Doroftei was responsible for editorial assistance for Volume 3. The editorial team includes Dr. Christian Lange and Catharina Rachik. <\/p>\n\n\n\n<p>You can find an overview of our yearbooks <svg height=\"1em\" width=\"1em\" class=\"rrze-elements-icon\" style=\"font-size: 1em;\"  aria-hidden=\"true\" focusable=\"false\" xmlns=\"http:\/\/www.w3.org\/2000\/svg\" viewBox=\"0 0 512 512\"><!--! Font Awesome Free 6.6.0 by @fontawesome - https:\/\/fontawesome.com License - https:\/\/fontawesome.com\/license\/free (Icons: CC BY 4.0, Fonts: SIL OFL 1.1, Code: MIT License) Copyright 2024 Fonticons, Inc. --><path fill=\"currentcolor\" d=\"M0 256a256 256 0 1 0 512 0A256 256 0 1 0 0 256zM297 385c-9.4 9.4-24.6 9.4-33.9 0s-9.4-24.6 0-33.9l71-71L120 280c-13.3 0-24-10.7-24-24s10.7-24 24-24l214.1 0-71-71c-9.4-9.4-9.4-24.6 0-33.9s24.6-9.4 33.9 0L409 239c9.4 9.4 9.4 24.6 0 33.9L297 385z\"\/><\/svg> <a href=\"https:\/\/www.nomos-shop.de\/de\/catalogsearch\/result\/?q=Bayerisches+Forschungszentrum+f%C3%BCr+Interreligi%C3%B6se+Diskurse+%28BaFID%29\">here<\/a>.<\/p>\n\n\n\n<div class=\"wp-block-media-text alignfull has-media-on-the-right is-stacked-on-mobile\"><div class=\"wp-block-media-text__content\">\n<h5 class=\"wp-block-heading\">Volume 1 <strong>Title:<\/strong> &#8220;Methods of Representing and Analyzing Interreligious Discourses&#8221;<\/h5>\n\n\n\n<p class=\"is-style-small-text\">With contributions by: Alexandra Cuffel, Ghassan el Masri, Jarmila Geisler, Linda Hennig, Katharina Heyden, Jens Kreinath, Christian Lange, Clau\u00df Peter Sajak, Georges Tamer, Katja Th\u00f6rner; Christian Str\u00f6bele, Cordula Heupts, Almuth Lahmann, Maria Lissek, Nadia Saad, Andrea Schmuck, Lena Tr\u00f6ger, Valerie Jandeisek, and Antonia \u00d6ks\u00fczo\u011flu.<\/p>\n<\/div><figure class=\"wp-block-media-text__media\"><img loading=\"lazy\" decoding=\"async\" src=\"https:\/\/www.bafid.fau.de\/files\/2024\/11\/EJ1-1024x649.png\" alt=\"\" class=\"wp-image-7002 size-full\" srcset=\"https:\/\/www.bafid.fau.de\/files\/2024\/11\/EJ1-1024x649.png 1024w, https:\/\/www.bafid.fau.de\/files\/2024\/11\/EJ1-300x190.png 300w, https:\/\/www.bafid.fau.de\/files\/2024\/11\/EJ1-768x487.png 768w, https:\/\/www.bafid.fau.de\/files\/2024\/11\/EJ1-1536x974.png 1536w, https:\/\/www.bafid.fau.de\/files\/2024\/11\/EJ1-2048x1298.png 2048w, https:\/\/www.bafid.fau.de\/files\/2024\/11\/EJ1-60x38.png 60w, https:\/\/www.bafid.fau.de\/files\/2024\/11\/EJ1-140x89.png 140w, https:\/\/www.bafid.fau.de\/files\/2024\/11\/EJ1-379x240.png 379w, https:\/\/www.bafid.fau.de\/files\/2024\/11\/EJ1-480x304.png 480w, https:\/\/www.bafid.fau.de\/files\/2024\/11\/EJ1-741x470.png 741w\" \/><\/figure><\/div>\n\n\n\n<div class=\"wp-block-media-text alignfull is-stacked-on-mobile\"><figure class=\"wp-block-media-text__media\"><img loading=\"lazy\" decoding=\"async\" src=\"https:\/\/www.bafid.fau.de\/files\/2024\/11\/EJ2-1024x642.png\" alt=\"\" class=\"wp-image-7003 size-full\" srcset=\"https:\/\/www.bafid.fau.de\/files\/2024\/11\/EJ2-1024x642.png 1024w, https:\/\/www.bafid.fau.de\/files\/2024\/11\/EJ2-300x188.png 300w, https:\/\/www.bafid.fau.de\/files\/2024\/11\/EJ2-768x482.png 768w, https:\/\/www.bafid.fau.de\/files\/2024\/11\/EJ2-1536x964.png 1536w, https:\/\/www.bafid.fau.de\/files\/2024\/11\/EJ2-2048x1285.png 2048w, https:\/\/www.bafid.fau.de\/files\/2024\/11\/EJ2-60x38.png 60w, https:\/\/www.bafid.fau.de\/files\/2024\/11\/EJ2-140x88.png 140w, https:\/\/www.bafid.fau.de\/files\/2024\/11\/EJ2-383x240.png 383w, https:\/\/www.bafid.fau.de\/files\/2024\/11\/EJ2-480x301.png 480w, https:\/\/www.bafid.fau.de\/files\/2024\/11\/EJ2-749x470.png 749w\" \/><\/figure><div class=\"wp-block-media-text__content\">\n<h5 class=\"wp-block-heading\">Volume 2 Title: &#8220;Interreligious Discourses: Perspectives and Themes&#8221;<\/h5>\n\n\n\n<p class=\"is-style-small-text\">With contributions by: Anna Alabd, Tarek Badawia, Christine B\u00fcchner, Jarmila Geisler, Sandra Hauser, Valerie Jandeisek, Andreas Kn\u00f6ll, David Koch, Thomas Kremer, Christian Lange, Georg Langenhorst, K\u00fcbra \u00d6zcan, Manfred L. Pirner, Thomas Sch\u00e4rtl-Trendel, Kerstin Schl\u00f6gl-Flierl, Farid Suleiman, Georges Tamer, and Muna Tatari.<\/p>\n<\/div><\/div>\n\n\n\n<div class=\"wp-block-media-text alignfull has-media-on-the-right is-stacked-on-mobile\"><div class=\"wp-block-media-text__content\">\n<h5 class=\"wp-block-heading\">Volume 3 Title: &#8220;Discursive Perspectives on Conceptions of Paradise&#8221;<\/h5>\n\n\n\n<p class=\"is-style-small-text\">With contributions by: Doru Constantin Doroftei, Robin Flack, Barbara Halbauer, Sandra Hauser, Maria Elisabeth H\u00f6wer, Norbert Jung, Boris Kalbheim, Bernhard Lang, K\u00fcbra \u00d6zcan, Stefan Schreiner, Hans Otto Seitschek, Heidrun Stein-Kecks, Antonia Steins, Georges Tamer, Yunus Yaldiz, and Heinrich de Wall.<\/p>\n<\/div><figure class=\"wp-block-media-text__media\"><img loading=\"lazy\" decoding=\"async\" src=\"https:\/\/www.bafid.fau.de\/files\/2024\/11\/EJ3.png\" alt=\"\" class=\"wp-image-7011 size-full\" srcset=\"https:\/\/www.bafid.fau.de\/files\/2024\/11\/EJ3.png 476w, https:\/\/www.bafid.fau.de\/files\/2024\/11\/EJ3-300x190.png 300w, https:\/\/www.bafid.fau.de\/files\/2024\/11\/EJ3-60x38.png 60w, https:\/\/www.bafid.fau.de\/files\/2024\/11\/EJ3-140x89.png 140w, https:\/\/www.bafid.fau.de\/files\/2024\/11\/EJ3-378x240.png 378w\" \/><\/figure><\/div>\n\n\n\n<div class=\"wp-block-media-text alignfull is-stacked-on-mobile\"><figure class=\"wp-block-media-text__media\"><img loading=\"lazy\" decoding=\"async\" src=\"https:\/\/www.bafid.fau.de\/files\/2026\/01\/EJ4.1.jpg\" alt=\"\" class=\"wp-image-10991 size-full\" srcset=\"https:\/\/www.bafid.fau.de\/files\/2026\/01\/EJ4.1.jpg 476w, https:\/\/www.bafid.fau.de\/files\/2026\/01\/EJ4.1-300x193.jpg 300w, https:\/\/www.bafid.fau.de\/files\/2026\/01\/EJ4.1-60x39.jpg 60w, https:\/\/www.bafid.fau.de\/files\/2026\/01\/EJ4.1-372x240.jpg 372w\" \/><\/figure><div class=\"wp-block-media-text__content\">\n<h5 class=\"wp-block-heading\">Volume 4 Title: &#8220;Interreligious Competence and the Mediation of Values in Educational Work&#8221;<\/h5>\n\n\n\n<p class=\"is-style-small-text\">With contributions by: Verena Bikas, Michael Bongardt, Reinhold Boschki, Robin Flack, Janosch Freuding, Siegfried Grillmeyer, Julia Hofmann, Naciye Kamcili-Yildiz, Johannes L\u00e4hnemann, Bruno Landthaler, Konstantin Lindner, Ursula M\u00fcnch, Elisabeth Naurath, and Joachim Willems.<\/p>\n<\/div><\/div>\n","protected":false},"excerpt":{"rendered":"<p>With a newly founded journal, BaFID has its medium for current contributions to research into interreligious discourses. The interdisciplinary magazine \u201cErlanger Jahrbuch f\u00fcr Interreligious Discourses\u201d is initially published once a year by Ergon Verlag in printed and digital versions. The quality of the contributions is ensured through a peer review process (double-blind). The yearbook is [&hellip;]<\/p>\n","protected":false},"author":5059,"featured_media":461,"parent":11821,"menu_order":100,"comment_status":"closed","ping_status":"closed","template":"","meta":{"_rrze_cache":"disabled","_rrze_multilang_single_locale":"en_GB","_rrze_multilang_single_source":"https:\/\/www.bafid.fau.de\/?page_id=98","footnotes":""},"page_category":[44],"page_tag":[],"class_list":["post-11841","page","type-page","status-publish","has-post-thumbnail","hentry","page_category-general","en-GB"],"_links":{"self":[{"href":"https:\/\/www.bafid.fau.de\/wp-json\/wp\/v2\/pages\/11841","targetHints":{"allow":["GET"]}}],"collection":[{"href":"https:\/\/www.bafid.fau.de\/wp-json\/wp\/v2\/pages"}],"about":[{"href":"https:\/\/www.bafid.fau.de\/wp-json\/wp\/v2\/types\/page"}],"author":[{"embeddable":true,"href":"https:\/\/www.bafid.fau.de\/wp-json\/wp\/v2\/users\/5059"}],"replies":[{"embeddable":true,"href":"https:\/\/www.bafid.fau.de\/wp-json\/wp\/v2\/comments?post=11841"}],"version-history":[{"count":4,"href":"https:\/\/www.bafid.fau.de\/wp-json\/wp\/v2\/pages\/11841\/revisions"}],"predecessor-version":[{"id":14156,"href":"https:\/\/www.bafid.fau.de\/wp-json\/wp\/v2\/pages\/11841\/revisions\/14156"}],"up":[{"embeddable":true,"href":"https:\/\/www.bafid.fau.de\/wp-json\/wp\/v2\/pages\/11821"}],"wp:featuredmedia":[{"embeddable":true,"href":"https:\/\/www.bafid.fau.de\/wp-json\/wp\/v2\/media\/461"}],"wp:attachment":[{"href":"https:\/\/www.bafid.fau.de\/wp-json\/wp\/v2\/media?parent=11841"}],"wp:term":[{"taxonomy":"page_category","embeddable":true,"href":"https:\/\/www.bafid.fau.de\/wp-json\/wp\/v2\/page_category?post=11841"},{"taxonomy":"page_tag","embeddable":true,"href":"https:\/\/www.bafid.fau.de\/wp-json\/wp\/v2\/page_tag?post=11841"}],"curies":[{"name":"wp","href":"https:\/\/api.w.org\/{rel}","templated":true}]}}